{"id":27,"date":"2016-10-29T21:23:38","date_gmt":"2016-10-29T19:23:38","guid":{"rendered":"http:\/\/fewo-mahnke.com\/wp\/?page_id=27"},"modified":"2026-01-11T18:16:51","modified_gmt":"2026-01-11T17:16:51","slug":"preise","status":"publish","type":"page","link":"https:\/\/fewo-mahnke.com\/wp\/preise\/","title":{"rendered":"Preise"},"content":{"rendered":"<h4><strong>Entdecken Sie die Erlebnisregion Nationalpark Eifel<\/strong><\/h4>\n<p>&nbsp;<\/p>\n<p><b><span style=\"font-family: 'Arial',sans-serif;\">Aufenthalt&nbsp;&nbsp;&nbsp;&nbsp;&nbsp;&nbsp;&nbsp;&nbsp;&nbsp;&nbsp;&nbsp;&nbsp;&nbsp;&nbsp;&nbsp;&nbsp;&nbsp;&nbsp;&nbsp;&nbsp;&nbsp;&nbsp;&nbsp;&nbsp;&nbsp;&nbsp;&nbsp;&nbsp;&nbsp;&nbsp;&nbsp; Preis&nbsp; f\u00fcr 2 Personen<br><\/span><\/b><\/p>\n<p><span style=\"font-family: 'Arial',sans-serif;\">&nbsp;pro \u00dcbernachtung&nbsp;&nbsp;&nbsp;&nbsp;&nbsp;&nbsp;&nbsp;&nbsp;&nbsp;&nbsp;&nbsp;&nbsp;&nbsp;&nbsp;&nbsp;&nbsp;&nbsp;&nbsp;&nbsp;&nbsp;&nbsp;&nbsp;&nbsp;&nbsp;&nbsp;&nbsp;&nbsp;&nbsp;&nbsp;&nbsp;&nbsp; 77,00 \u20ac<\/span><\/p>\n<p><span style=\"font-family: 'Arial',sans-serif;\">&nbsp;<\/span>Wochenpreis&nbsp;&nbsp;&nbsp;&nbsp;&nbsp;&nbsp;&nbsp;&nbsp;&nbsp;&nbsp;&nbsp;&nbsp;&nbsp;&nbsp;&nbsp;&nbsp;&nbsp;&nbsp;&nbsp;&nbsp;&nbsp;&nbsp;&nbsp;&nbsp;&nbsp;&nbsp;&nbsp;&nbsp;&nbsp;&nbsp;&nbsp;&nbsp;&nbsp;&nbsp;&nbsp;&nbsp;&nbsp;&nbsp;&nbsp; 539,00 \u20ac<\/p>\n<p style=\"text-align: center;\" align=\"center\"><span style=\"font-family: 'Arial',sans-serif;\">Bettw\u00e4sche, Handt\u00fccher, Energie und Endreinigung inklusive.<\/span><\/p>\n<p style=\"text-align: center;\" align=\"center\"><b><span style=\"font-family: 'Arial',sans-serif;\">Mindestaufenthalt:<\/span><\/b><span style=\"font-family: 'Arial',sans-serif;\"> 5 \u00dcbernachtungen<br><\/span><\/p>\n<p align=\"center\">Die Saison beginnt am 01. M\u00e4rz und endet am 31. Oktober eines Jahres<\/p>\n<p><span style=\"font-family: 'Arial',sans-serif;\">Erm\u00e4\u00dfigte Tageskarten f\u00fcr einen Saunabesuch in der Roetgen-Therme, erm\u00e4\u00dfigte Eintrittskarten f\u00fcr die Ausstellung auf Vogelsang IP und die Carolus-Therme in Aachen sind bei uns erh\u00e4ltlich.<\/span><\/p>\n<p><b><span style=\"font-family: 'Arial',sans-serif;\">Bitte beachten Sie!<\/span><\/b><span style=\"font-family: 'Arial',sans-serif;\"><br>Eine Anreise ist t\u00e4glich ab 15:00 Uhr m\u00f6glich. Abreise bis 11:00 Uhr. Geben Sie uns bitte sp\u00e4testens einige Tage vorher telefonisch oder per Email Bescheid, wann Sie ungef\u00e4hr anreisen werden.<\/span><\/p>\n<p style=\"text-align: left;\">Wenn Sie m\u00f6chten, k\u00f6nnen Sie uns eine <a title=\"Mail\" href=\"mailto:ferienwohnung@fewo-mahnke.com\">eMail senden <\/a>und zu Ihrem Wunschtermin die Ferienwohnung reservieren lassen. Sie erhalten dann umgehend eine Best\u00e4tigung.<\/p>\n\n\n<p><\/p>\n","protected":false},"excerpt":{"rendered":"<p>Entdecken Sie die Erlebnisregion Nationalpark Eifel &nbsp; Aufenthalt&nbsp;&nbsp;&nbsp;&nbsp;&nbsp;&nbsp;&nbsp;&nbsp;&nbsp;&nbsp;&nbsp;&nbsp;&nbsp;&nbsp;&nbsp;&nbsp;&nbsp;&nbsp;&nbsp;&nbsp;&nbsp;&nbsp;&nbsp;&nbsp;&nbsp;&nbsp;&nbsp;&nbsp;&nbsp;&nbsp;&nbsp; Preis&nbsp; f\u00fcr 2 Personen &nbsp;pro \u00dcbernachtung&nbsp;&nbsp;&nbsp;&nbsp;&nbsp;&nbsp;&nbsp;&nbsp;&nbsp;&nbsp;&nbsp;&nbsp;&nbsp;&nbsp;&nbsp;&nbsp;&nbsp;&nbsp;&nbsp;&nbsp;&nbsp;&nbsp;&nbsp;&nbsp;&nbsp;&nbsp;&nbsp;&nbsp;&nbsp;&nbsp;&nbsp; 77,00 \u20ac &nbsp;Wochenpreis&nbsp;&nbsp;&nbsp;&nbsp;&nbsp;&nbsp;&nbsp;&nbsp;&nbsp;&nbsp;&nbsp;&nbsp;&nbsp;&nbsp;&nbsp;&nbsp;&nbsp;&nbsp;&nbsp;&nbsp;&nbsp;&nbsp;&nbsp;&nbsp;&nbsp;&nbsp;&nbsp;&nbsp;&nbsp;&nbsp;&nbsp;&nbsp;&nbsp;&nbsp;&nbsp;&nbsp;&nbsp;&nbsp;&nbsp; 539,00 \u20ac Bettw\u00e4sche, Handt\u00fccher, Energie und Endreinigung inklusive. Mindestaufenthalt: 5 \u00dcbernachtungen Die Saison beginnt am 01. M\u00e4rz und endet am 31. Oktober eines Jahres Erm\u00e4\u00dfigte Tageskarten f\u00fcr einen Saunabesuch in der Roetgen-Therme, erm\u00e4\u00dfigte Eintrittskarten f\u00fcr die Ausstellung auf &hellip; <a href=\"https:\/\/fewo-mahnke.com\/wp\/preise\/\" class=\"more-link\"><span class=\"screen-reader-text\">Preise<\/span> weiterlesen<\/a><\/p>\n","protected":false},"author":1,"featured_media":0,"parent":0,"menu_order":0,"comment_status":"closed","ping_status":"closed","template":"","meta":{"ngg_post_thumbnail":0,"footnotes":""},"class_list":["post-27","page","type-page","status-publish","hentry"],"_links":{"self":[{"href":"https:\/\/fewo-mahnke.com\/wp\/wp-json\/wp\/v2\/pages\/27","targetHints":{"allow":["GET"]}}],"collection":[{"href":"https:\/\/fewo-mahnke.com\/wp\/wp-json\/wp\/v2\/pages"}],"about":[{"href":"https:\/\/fewo-mahnke.com\/wp\/wp-json\/wp\/v2\/types\/page"}],"author":[{"embeddable":true,"href":"https:\/\/fewo-mahnke.com\/wp\/wp-json\/wp\/v2\/users\/1"}],"replies":[{"embeddable":true,"href":"https:\/\/fewo-mahnke.com\/wp\/wp-json\/wp\/v2\/comments?post=27"}],"version-history":[{"count":10,"href":"https:\/\/fewo-mahnke.com\/wp\/wp-json\/wp\/v2\/pages\/27\/revisions"}],"predecessor-version":[{"id":582,"href":"https:\/\/fewo-mahnke.com\/wp\/wp-json\/wp\/v2\/pages\/27\/revisions\/582"}],"wp:attachment":[{"href":"https:\/\/fewo-mahnke.com\/wp\/wp-json\/wp\/v2\/media?parent=27"}],"curies":[{"name":"wp","href":"https:\/\/api.w.org\/{rel}","templated":true}]}}